{"id":1581,"date":"2022-07-18T11:55:26","date_gmt":"2022-07-18T08:55:26","guid":{"rendered":"https:\/\/olga.studioup.pro\/sobre-mi\/"},"modified":"2022-08-13T18:48:00","modified_gmt":"2022-08-13T15:48:00","slug":"sobre-mi","status":"publish","type":"page","link":"https:\/\/davydovaphotography.com\/es\/sobre-mi\/","title":{"rendered":"Sobre m\u00ed"},"content":{"rendered":"<p>[vc_row][vc_column width=&#8221;1\/6&#8243;][\/vc_column][vc_column width=&#8221;2\/3&#8243;]<div id=\"sc_title_372358574\"\r\n\t\tclass=\"sc_title sc_title_default\"><h2 class=\"sc_item_title sc_title_title sc_align_center sc_item_title_style_default sc_item_title_tag\">Hola, soy Olga Davydova<\/h2><h6 class=\"sc_item_subtitle sc_title_subtitle sc_align_center sc_item_title_style_default\">Tu fot\u00f3grafa<\/h6><\/div><!-- \/.sc_title -->[\/vc_column][vc_column width=&#8221;1\/6&#8243;][\/vc_column][vc_column][\/vc_column][\/vc_row][vc_row][vc_column width=&#8221;1\/4&#8243;][\/vc_column][vc_column width=&#8221;1\/2&#8243;][vc_empty_space hide_on_mobile=&#8221;&#8221;][vc_single_image image=&#8221;1990&#8243; img_size=&#8221;medium&#8221; alignment=&#8221;center&#8221;][vc_empty_space hide_on_mobile=&#8221;&#8221;][vc_column_text]<\/p>\n<div class=\"vc_empty_space vc_custom_1487777294827 height_small\"><\/div>\n<div class=\"wpb_text_column wpb_content_element \">\n<div class=\"wpb_wrapper\">\n<p>Soy una fot\u00f3grafa profesional experimentado con amplia experiencia en fotograf\u00eda comercial, de eventos y de bodas. Puedes confiarme el mejor d\u00eda de tu vida. Solo elige el lugar adecuado y yo arreglar\u00e9 la composici\u00f3n y la iluminaci\u00f3n.<\/p><\/div>\n<\/div>\n<p>[\/vc_column_text][vc_empty_space hide_on_mobile=&#8221;&#8221;]<div class=\"sc_item_button sc_button_wrap sc_align_center\"><a href=\"\/es\/myportfolio\/\" id=\"sc_button_288604289\" class=\"sc_button sc_button_default sc_button_size_large sc_button_icon_left\"><span class=\"sc_button_text\"><span class=\"sc_button_title\">Ver mi portafolio<\/span><\/span><!-- \/.sc_button_text --><\/a><!-- \/.sc_button --><\/div><!-- \/.sc_item_button -->[vc_empty_space hide_on_mobile=&#8221;&#8221;][\/vc_column][vc_column width=&#8221;1\/4&#8243;][\/vc_column][\/vc_row][vc_row][vc_column][\/vc_column][\/vc_row][vc_row][vc_column]<div class=\"sc_layouts sc_layouts_default sc_layouts_1998\">[vc_row full_width=\"stretch_row\" row_delimiter=\"\" row_fixed=\"\" hide_on_tablet=\"\" hide_on_mobile=\"\" hide_on_frontpage=\"\" css=\".vc_custom_1662650110889{background-image: url(https:\/\/davydovaphotography.com\/wp-content\/uploads\/2022\/07\/capture_moment_1.jpg?id=3299) !important;background-position: center !important;background-repeat: no-repeat !important;background-size: cover !important;}\"][vc_column width=\"5\/12\" icons_position=\"left\"][vc_empty_space alter_height=\"huge\" hide_on_mobile=\"\" css=\".vc_custom_1487777822385{margin-bottom: 8rem !important;}\"][vc_empty_space alter_height=\"huge\" hide_on_mobile=\"\" css=\".vc_custom_1487777902479{margin-bottom: 8.8rem !important;}\"][\/vc_column][vc_column width=\"7\/12\" icons_position=\"left\"][vc_empty_space alter_height=\"huge\" hide_on_mobile=\"\" css=\".vc_custom_1487777822385{margin-bottom: 8rem !important;}\"]<div class=\"sc_layouts_item\"><div id=\"sc_title_872929024\"\r\n\t\tclass=\"scheme_dark sc_title sc_title_default\"><h2 class=\"sc_item_title sc_title_title sc_align_center sc_item_title_style_default\">Capturando los mejores momentos<\/h2><h6 class=\"sc_item_subtitle sc_title_subtitle sc_align_center sc_item_title_style_default\">Obtener descuento -25%<\/h6><\/div><!-- \/.sc_title --><\/div><div class=\"sc_layouts_item\"><div class=\"sc_item_button sc_button_wrap sc_align_center\"><a href=\"\/es\/contactos\/\" id=\"sc_button_1758776652\" class=\"sc_button sc_button_default  vc_custom_1658564399630 sc_button_size_large sc_button_icon_left\"><span class=\"sc_button_text sc_align_center\"><span class=\"sc_button_title\">Haga una cita<\/span><\/span><!-- \/.sc_button_text --><\/a><!-- \/.sc_button --><\/div><!-- \/.sc_item_button --><\/div>[vc_empty_space alter_height=\"huge\" hide_on_mobile=\"\" css=\".vc_custom_1487777902479{margin-bottom: 8.8rem !important;}\"][\/vc_column][\/vc_row]<\/div>[\/vc_column][\/vc_row][vc_row][vc_column][vc_empty_space alter_height=&#8221;medium&#8221; hide_on_mobile=&#8221;&#8221;][\/vc_column][\/vc_row][vc_row][vc_column]<div id=\"sc_title_203084217\"\r\n\t\tclass=\"sc_title sc_title_default\"><h2 class=\"sc_item_title sc_title_title sc_align_center sc_item_title_style_default sc_item_title_tag\">Mis fotos<\/h2><h6 class=\"sc_item_subtitle sc_title_subtitle sc_align_center sc_item_title_style_default\">Workflow<\/h6><div class=\"sc_item_descr sc_title_descr sc_align_center\">Llevo m\u00e1s de siete a\u00f1os fotografiando eventos y disfruto cada minuto del proceso. Soy una fot\u00f3grafa amable, profesional y apasionado. Me encanta crear im\u00e1genes fant\u00e1sticas para usted y brindar un servicio de primera clase.<\/div><\/div><!-- \/.sc_title -->[\/vc_column][\/vc_row][vc_row][vc_column][vc_empty_space height=&#8221;1.6rem&#8221; hide_on_mobile=&#8221;&#8221;][\/vc_column][\/vc_row][vc_row][vc_column]<div id=\"widget_slider_509193117\" class=\"widget_area sc_widget_slider vc_widget_slider wpb_content_element inver\"><aside id=\"widget_slider_509193117_widget\" class=\"widget widget_slider\">\t\t\t<div class=\"slider_wrap slider_engine_swiper\">\r\n\t\t\t\t<div id=\"widget_slider_509193117_outer\" class=\"slider_swiper_outer slider_style_default slider_outer_direction_horizontal slider_outer_nocontrols slider_outer_pagination slider_outer_pagination_bullets slider_outer_pagination_pos_bottom slider_outer_titles_center slider_outer_one\"><div id=\"widget_slider_509193117_swiper\" class=\"slider_swiper swiper-slider-container slider_direction_horizontal slider_nocontrols slider_pagination slider_pagination_bullets slider_pagination_pos_bottom slider_titles_center slider_one slider_noresize slider_height_auto slider_type_bg\" data-ratio=\"16:9\" data-interval=\"5000\" data-effect=\"slide\" data-pagination=\"bullets\" data-direction=\"horizontal\" data-slides-per-view=\"1\" data-slides-space=\"0\">\r\n\t\t\t\t\t\t<div class=\"swiper-wrapper\"><div  class=\"swiper-slide\" data-image=\"https:\/\/davydovaphotography.com\/wp-content\/uploads\/2022\/06\/fajl_005.jpg\" data-title=\"Love story\" style=\"background-image:url(https:\/\/davydovaphotography.com\/wp-content\/uploads\/2022\/06\/fajl_005.jpg);\"><div class=\"slide_overlay slide_overlay_small\"><\/div><div class=\"slide_info slide_info_small\"><h3 class=\"slide_title\">Love story<\/h3><\/div><\/div><div  class=\"swiper-slide\" data-image=\"https:\/\/davydovaphotography.com\/wp-content\/uploads\/2022\/06\/fajl_008-1.jpg\" data-title=\"Love story\" style=\"background-image:url(https:\/\/davydovaphotography.com\/wp-content\/uploads\/2022\/06\/fajl_008-1.jpg);\"><div class=\"slide_overlay slide_overlay_small\"><\/div><div class=\"slide_info slide_info_small\"><h3 class=\"slide_title\">Love story<\/h3><\/div><\/div><div  class=\"swiper-slide\" data-image=\"https:\/\/davydovaphotography.com\/wp-content\/uploads\/2022\/06\/fajl_008.jpg\" data-title=\"Love story\" style=\"background-image:url(https:\/\/davydovaphotography.com\/wp-content\/uploads\/2022\/06\/fajl_008.jpg);\"><div class=\"slide_overlay slide_overlay_small\"><\/div><div class=\"slide_info slide_info_small\"><h3 class=\"slide_title\">Love story<\/h3><\/div><\/div><\/div><!-- \/.swiper-wripper --><div class=\"slider_pagination_wrap swiper-pagination\"><\/div><\/div><!-- \/.slider_swiper --><\/div><!-- \/.slider_swiper_outer -->\t\t\t<\/div>\r\n\t\t\t<\/aside><\/div>[\/vc_column][\/vc_row][vc_row][vc_column][vc_empty_space hide_on_mobile=&#8221;&#8221;][\/vc_column][\/vc_row][vc_row][vc_column]<div class=\"sc_layouts sc_layouts_default sc_layouts_1509\">[vc_row][vc_column icons_position=\"left\"][vc_empty_space alter_height=\"huge\" hide_on_mobile=\"\" css=\".vc_custom_1487837877174{margin-top: -0.8rem !important;}\"]<div class=\"sc_layouts_item\"><div class=\"sc_blogger sc_blogger_classic\"><h2 class=\"sc_item_title sc_blogger_title sc_align_center sc_item_title_style_default sc_item_title_tag\">Art\u00edculos<\/h2><h6 class=\"sc_item_subtitle sc_blogger_subtitle sc_align_center sc_item_title_style_default\">\u00daltimas noticias<\/h6><div class=\"sc_blogger_columns sc_item_columns trx_addons_columns_wrap columns_padding_bottom\"><div class=\"trx_addons_column-1_3\"><div id=\"post-1609\"\tclass=\"sc_blogger_item post_format_standard post-1609 post type-post status-publish format-standard has-post-thumbnail hentry category-foto-de-boda category-retrato tag-art-es tag-birthday-es tag-focus-es tag-moment-es tag-wedding-es\"><div class=\"post_featured with_thumb hover_dots sc_blogger_item_featured\"><img width=\"555\" height=\"459\" src=\"https:\/\/davydovaphotography.com\/wp-content\/uploads\/2022\/07\/c88b6016-2-555x459.jpg\" class=\"attachment-july_morison-thumb-med size-july_morison-thumb-med wp-post-image\" alt=\"How to Pose for Wedding Photos\" loading=\"lazy\" \/><div class=\"mask\"><\/div><a href=\"https:\/\/davydovaphotography.com\/es\/foto-de-boda\/how-to-pose-for-wedding-photos\/\" aria-hidden=\"true\" class=\"icons\"><span><\/span><span><\/span><span><\/span><\/a><\/div><div class=\"sc_blogger_item_content entry-content\"><div class=\"sc_blogger_item_header entry-header\"><h5 class=\"sc_blogger_item_title entry-title\"><a href=\"https:\/\/davydovaphotography.com\/es\/foto-de-boda\/how-to-pose-for-wedding-photos\/\" rel=\"bookmark\">How to Pose for Wedding Photos<\/a><\/h5><div class=\"post_meta\">\t\t\t\t\t<span class=\"post_meta_item post_date\"><a href=\"https:\/\/davydovaphotography.com\/es\/foto-de-boda\/how-to-pose-for-wedding-photos\/\">18.07.2022<\/a><\/span>\n\t\t\t\t\t <a href=\"https:\/\/davydovaphotography.com\/es\/foto-de-boda\/how-to-pose-for-wedding-photos\/#respond\" class=\"post_meta_item post_counters_item post_counters_comments trx_addons_icon-comment\"><span class=\"post_counters_number\">0<\/span><span class=\"post_counters_label\">Comments<\/span><\/a> <\/div><!-- .post_meta --><\/div><!-- .entry-header --><div class=\"sc_blogger_item_excerpt\">\n\t\t\t\t<div class=\"sc_blogger_item_button sc_item_button\"><a href=\"https:\/\/davydovaphotography.com\/es\/foto-de-boda\/how-to-pose-for-wedding-photos\/\" class=\"sc_button\">Read more<\/a><\/div><\/div><!-- .sc_blogger_item_excerpt --><\/div><!-- .entry-content --><\/div><!-- .sc_blogger_item --><\/div><div class=\"trx_addons_column-1_3\"><div id=\"post-1607\"\tclass=\"sc_blogger_item post_format_standard post-1607 post type-post status-publish format-standard has-post-thumbnail hentry category-foto-de-boda category-retrato tag-art-es tag-birthday-es tag-focus-es tag-moment-es tag-wedding-es\"><div class=\"post_featured with_thumb hover_dots sc_blogger_item_featured\"><img width=\"555\" height=\"459\" src=\"https:\/\/davydovaphotography.com\/wp-content\/uploads\/2018\/06\/c88b6074-555x459.jpg\" class=\"attachment-july_morison-thumb-med size-july_morison-thumb-med wp-post-image\" alt=\"How to Take a Good Portrait Photo\" loading=\"lazy\" \/><div class=\"mask\"><\/div><a href=\"https:\/\/davydovaphotography.com\/es\/foto-de-boda\/how-to-take-a-good-portrait-photo\/\" aria-hidden=\"true\" class=\"icons\"><span><\/span><span><\/span><span><\/span><\/a><\/div><div class=\"sc_blogger_item_content entry-content\"><div class=\"sc_blogger_item_header entry-header\"><h5 class=\"sc_blogger_item_title entry-title\"><a href=\"https:\/\/davydovaphotography.com\/es\/foto-de-boda\/how-to-take-a-good-portrait-photo\/\" rel=\"bookmark\">How to Take a Good Portrait Photo<\/a><\/h5><div class=\"post_meta\">\t\t\t\t\t<span class=\"post_meta_item post_date\"><a href=\"https:\/\/davydovaphotography.com\/es\/foto-de-boda\/how-to-take-a-good-portrait-photo\/\">18.07.2022<\/a><\/span>\n\t\t\t\t\t <a href=\"https:\/\/davydovaphotography.com\/es\/foto-de-boda\/how-to-take-a-good-portrait-photo\/#respond\" class=\"post_meta_item post_counters_item post_counters_comments trx_addons_icon-comment\"><span class=\"post_counters_number\">0<\/span><span class=\"post_counters_label\">Comments<\/span><\/a> <\/div><!-- .post_meta --><\/div><!-- .entry-header --><div class=\"sc_blogger_item_excerpt\">\n\t\t\t\t<div class=\"sc_blogger_item_button sc_item_button\"><a href=\"https:\/\/davydovaphotography.com\/es\/foto-de-boda\/how-to-take-a-good-portrait-photo\/\" class=\"sc_button\">Read more<\/a><\/div><\/div><!-- .sc_blogger_item_excerpt --><\/div><!-- .entry-content --><\/div><!-- .sc_blogger_item --><\/div><div class=\"trx_addons_column-1_3\"><div id=\"post-1598\"\tclass=\"sc_blogger_item post_format_standard post-1598 post type-post status-publish format-standard has-post-thumbnail hentry category-foto-de-boda category-retrato tag-art-es tag-birthday-es tag-focus-es tag-moment-es tag-wedding-es\"><div class=\"post_featured with_thumb hover_dots sc_blogger_item_featured\"><img width=\"555\" height=\"459\" src=\"https:\/\/davydovaphotography.com\/wp-content\/uploads\/2018\/06\/c88b5698-1-555x459.jpg\" class=\"attachment-july_morison-thumb-med size-july_morison-thumb-med wp-post-image\" alt=\"20 Best female poses for portrait photos\" loading=\"lazy\" \/><div class=\"mask\"><\/div><a href=\"https:\/\/davydovaphotography.com\/es\/foto-de-boda\/20-best-female-poses-for-portrait-photos\/\" aria-hidden=\"true\" class=\"icons\"><span><\/span><span><\/span><span><\/span><\/a><\/div><div class=\"sc_blogger_item_content entry-content\"><div class=\"sc_blogger_item_header entry-header\"><h5 class=\"sc_blogger_item_title entry-title\"><a href=\"https:\/\/davydovaphotography.com\/es\/foto-de-boda\/20-best-female-poses-for-portrait-photos\/\" rel=\"bookmark\">20 Best female poses for portrait photos<\/a><\/h5><div class=\"post_meta\">\t\t\t\t\t<span class=\"post_meta_item post_date\"><a href=\"https:\/\/davydovaphotography.com\/es\/foto-de-boda\/20-best-female-poses-for-portrait-photos\/\">18.07.2022<\/a><\/span>\n\t\t\t\t\t <a href=\"https:\/\/davydovaphotography.com\/es\/foto-de-boda\/20-best-female-poses-for-portrait-photos\/#respond\" class=\"post_meta_item post_counters_item post_counters_comments trx_addons_icon-comment\"><span class=\"post_counters_number\">0<\/span><span class=\"post_counters_label\">Comments<\/span><\/a> <\/div><!-- .post_meta --><\/div><!-- .entry-header --><div class=\"sc_blogger_item_excerpt\">\n\t\t\t\t<div class=\"sc_blogger_item_button sc_item_button\"><a href=\"https:\/\/davydovaphotography.com\/es\/foto-de-boda\/20-best-female-poses-for-portrait-photos\/\" class=\"sc_button\">Read more<\/a><\/div><\/div><!-- .sc_blogger_item_excerpt --><\/div><!-- .entry-content --><\/div><!-- .sc_blogger_item --><\/div><\/div><\/div><!-- \/.sc_blogger --><\/div>[\/vc_column][\/vc_row]<\/div>[\/vc_column][\/vc_row][vc_row][vc_column]<div class=\"sc_layouts sc_layouts_default sc_layouts_2621\">[vc_row][vc_column icons_position=\"left\"][vc_empty_space alter_height=\"huge\" hide_on_mobile=\"\" css=\".vc_custom_1487770475283{margin-bottom: -0.8rem !important;}\"]<div class=\"sc_layouts_item\"><div id=\"sc_title_1611730022\"\r\n\t\tclass=\"sc_title sc_title_default\"><h2 class=\"sc_item_title sc_title_title sc_align_center sc_item_title_style_default\">FAQ<\/h2><h6 class=\"sc_item_subtitle sc_title_subtitle sc_align_center sc_item_title_style_default\">\u00a1Obtenga respuestas a sus preguntas!<\/h6><\/div><!-- \/.sc_title --><\/div>[vc_empty_space alter_height=\"small\" hide_on_mobile=\"\"][vc_tta_accordion shape=\"square\" c_icon=\"chevron\" c_position=\"right\" active_section=\"1\" no_fill=\"true\"][vc_tta_section title=\"\u00bfEres la fot\u00f3grafa que disparar\u00e1?\" tab_id=\"1479118119676-0c143415-f00f\"][vc_column_text]\u00a1S\u00ed! Soy quien dispara y me encargo de procesar las im\u00e1genes.<br \/>\r\nAl aceptar fotografiar, usted acepta el estilo del autor de fotografiar y procesar fotograf\u00edas, as\u00ed como el posible uso de sus fotograf\u00edas en el portafolio del fot\u00f3grafo, para exhibiciones y concursos fotogr\u00e1ficos.<br \/>\r\nTambi\u00e9n es posible disparar con condiciones de confidencialidad y procesamiento urgente de fotos, pero debe acordarse de antemano.[\/vc_column_text][\/vc_tta_section][vc_tta_section title=\"\u00bfCu\u00e1ntas fotos tomas?\" tab_id=\"1483457903199-cd1a6e96-6e63\"][vc_column_text]El n\u00famero de fotos se especifica en el paquete y depende de la complejidad y duraci\u00f3n de la sesi\u00f3n de fotos. Todos los temas relacionados con la fotograf\u00eda se tratan con antelaci\u00f3n, en correspondencia personal o por tel\u00e9fono. Para aclarar las condiciones de la fotograf\u00eda, cont\u00e1ctame en la p\u00e1gina de <a href=\"\/es\/contactos\/\" target=\"_blank\" rel=\"noopener\">CONTACTOS <\/a>y cu\u00e9ntanos en detalle qu\u00e9 es exactamente lo que te gustar\u00eda obtener como resultado.[\/vc_column_text][\/vc_tta_section][vc_tta_section title=\"\u00bfCu\u00e1ndo puedo ver mis fotos?\" tab_id=\"1483457998089-ecc85814-b34f\"][vc_column_text]El plazo de entrega de un pedido depende de su complejidad y volumen, pero siempre se acuerda de antemano. Tambi\u00e9n es posible el procesamiento urgente de fotos, pero tambi\u00e9n debe acordarse por adelantado.[\/vc_column_text][\/vc_tta_section][vc_tta_section title=\"\u00bfC\u00f3mo puedo prepararme para una sesi\u00f3n si nunca antes he sido fotografiado por un fot\u00f3grafo profesional? Adem\u00e1s, a veces me dec\u00edan que no era fotog\u00e9nica.\" tab_id=\"1487770241658-14b58684-d60d\"][vc_column_text]Escucho mucho el dicho \"No soy fotog\u00e9nico\". Pero puedo decir con confianza que nunca he trabajado con alguien para quien no pude tomar una gran foto. El secreto es que la fotograf\u00eda de retrato profesional realizada por un fot\u00f3grafo experimentado no requiere que seas un actor o una supermodelo. S\u00e9 muy bien c\u00f3mo mostrar tus puntos fuertes y c\u00f3mo minimizar esos rasgos de apariencia a los que no querr\u00edas prestar atenci\u00f3n. Mientras dispara, aprender\u00e1 todas las t\u00e9cnicas b\u00e1sicas de pose que se utilizar\u00e1n para que sus retratos se vean lo mejor posible.[\/vc_column_text][\/vc_tta_section][vc_tta_section title=\"\u00bfC\u00f3mo se procesan e imprimen las fotos?\" tab_id=\"1487770241169-c98b9719-0d69\"][vc_column_text]Cada foto comprada es retocada y procesada y tiene una versi\u00f3n digital de alta resoluci\u00f3n que te permite imprimirla hasta un tama\u00f1o de 7x10 pulgadas. Obtiene derechos personales para imprimir sus archivos digitales y puede imprimirlos en cualquier lugar que elija. Sin embargo, tambi\u00e9n ofrezco un servicio de impresi\u00f3n para ayudarlo a obtener excelentes impresiones.[\/vc_column_text][\/vc_tta_section][vc_tta_section title=\"\u00bfCu\u00e1ndo recomiendas la fotograf\u00eda de maternidad? \u00bfA cuantas semanas?\" tab_id=\"1487770240395-53cb21bb-2c4f\"][vc_column_text]Recomiendo hacer una sesi\u00f3n de fotos de 25 a 30 semanas de embarazo. El tiempo en el que est\u00e9s activo, lleno de fuerza y energ\u00eda, y rodando en estudio o al aire libre no te resultar\u00e1 dif\u00edcil. La mayor\u00eda de las poses estar\u00e1n disponibles para ti. Cuando una mujer no experimenta molestias f\u00edsicas, sus emociones agradables son transmitidas por la fotograf\u00eda. En general, se acepta que los \u00e1ngulos m\u00e1s hermosos y las fotograf\u00edas m\u00e1s interesantes se obtienen durante este per\u00edodo. Grabo durante 2 meses y puedes reservar una sesi\u00f3n de fotos en el sitio web o escribi\u00e9ndome en WhatsApp\/Viber\/Telegram (ver p\u00e1gina de <a href=\"\/es\/contactos\/\" target=\"_blank\" rel=\"noopener\">CONTACTOS<\/a>)[\/vc_column_text][\/vc_tta_section][\/vc_tta_accordion][\/vc_column][\/vc_row]<\/div>[\/vc_column][\/vc_row]<\/p>\n","protected":false},"excerpt":{"rendered":"<p>[vc_row][vc_column width=&#8221;1\/6&#8243;][\/vc_column][vc_column width=&#8221;2\/3&#8243;][\/vc_column][vc_column width=&#8221;1\/6&#8243;][\/vc_column][vc_column][\/vc_column][\/vc_row][vc_row][vc_column width=&#8221;1\/4&#8243;][\/vc_column][vc_column width=&#8221;1\/2&#8243;][vc_empty_space hide_on_mobile=&#8221;&#8221;][vc_single_image image=&#8221;1990&#8243; img_size=&#8221;medium&#8221; alignment=&#8221;center&#8221;][vc_empty_space hide_on_mobile=&#8221;&#8221;][vc_column_text] Soy una fot\u00f3grafa profesional experimentado con amplia experiencia en fotograf\u00eda comercial, de eventos y de bodas. Puedes confiarme el mejor d\u00eda de tu vida. Solo elige el lugar adecuado y yo arreglar\u00e9 la composici\u00f3n y la iluminaci\u00f3n. [\/vc_column_text][vc_empty_space hide_on_mobile=&#8221;&#8221;][vc_empty_space hide_on_mobile=&#8221;&#8221;][\/vc_column][vc_column width=&#8221;1\/4&#8243;][\/vc_column][\/vc_row][vc_row][vc_column][\/vc_column][\/vc_row][vc_row][vc_column][\/vc_column][\/vc_row][vc_row][vc_column][vc_empty_space alter_height=&#8221;medium&#8221; hide_on_mobile=&#8221;&#8221;][\/vc_column][\/vc_row][vc_row][vc_column][\/vc_column][\/vc_row][vc_row][vc_column][vc_empty_space height=&#8221;1.6rem&#8221; hide_on_mobile=&#8221;&#8221;][\/vc_column][\/vc_row][vc_row][vc_column][\/vc_column][\/vc_row][vc_row][vc_column][vc_empty_space hide_on_mobile=&#8221;&#8221;][\/vc_column][\/vc_row][vc_row][vc_column][\/vc_column][\/vc_row][vc_row][vc_column][\/vc_column][\/vc_row]<\/p>\n","protected":false},"author":1,"featured_media":0,"parent":0,"menu_order":0,"comment_status":"closed","ping_status":"closed","template":"","meta":[],"_links":{"self":[{"href":"https:\/\/davydovaphotography.com\/es\/wp-json\/wp\/v2\/pages\/1581"}],"collection":[{"href":"https:\/\/davydovaphotography.com\/es\/wp-json\/wp\/v2\/pages"}],"about":[{"href":"https:\/\/davydovaphotography.com\/es\/wp-json\/wp\/v2\/types\/page"}],"author":[{"embeddable":true,"href":"https:\/\/davydovaphotography.com\/es\/wp-json\/wp\/v2\/users\/1"}],"replies":[{"embeddable":true,"href":"https:\/\/davydovaphotography.com\/es\/wp-json\/wp\/v2\/comments?post=1581"}],"version-history":[{"count":14,"href":"https:\/\/davydovaphotography.com\/es\/wp-json\/wp\/v2\/pages\/1581\/revisions"}],"predecessor-version":[{"id":2722,"href":"https:\/\/davydovaphotography.com\/es\/wp-json\/wp\/v2\/pages\/1581\/revisions\/2722"}],"wp:attachment":[{"href":"https:\/\/davydovaphotography.com\/es\/wp-json\/wp\/v2\/media?parent=1581"}],"curies":[{"name":"wp","href":"https:\/\/api.w.org\/{rel}","templated":true}]}}